{"id":162,"date":"2010-06-04T00:30:43","date_gmt":"2010-06-03T22:30:43","guid":{"rendered":"http:\/\/www.augentrost.info\/wordpress\/?page_id=162"},"modified":"2025-11-22T12:37:42","modified_gmt":"2025-11-22T10:37:42","slug":"einkaufen","status":"publish","type":"page","link":"https:\/\/www.augentrost.info\/wordpress\/?page_id=162","title":{"rendered":"Einkaufen"},"content":{"rendered":"<p>Aktuell kann man an folgenden Stellen Arbeiten aus meiner Werkstatt finden:<\/p>\n<p>&nbsp;<\/p>\n<p>Nawareum Straubing<\/p>\n<p>Mitmachmuseum<\/p>\n<p>Schulgasse 23a<\/p>\n<p>94315 Straubing<\/p>\n<p>&#8212;&#8212;&#8212;&#8212;&#8212;&#8212;&#8212;&#8212;&#8212;&#8212;<\/p>\n<p>&nbsp;<\/p>\n<p>Stadelwerk im Salzstadel<\/p>\n<p>Wei\u00dfe Lammgasse 1<\/p>\n<p>93047 Regensburg<\/p>\n<p>&#8212;&#8212;&#8212;&#8212;&#8212;&#8212;&#8212;&#8212;&#8212;&#8212;<\/p>\n<p>&nbsp;<\/p>\n<p>Infohaus Isarm\u00fcndung<\/p>\n<p>Maxm\u00fchle 3<\/p>\n<p>94554 Moos<\/p>\n<p>&#8212;&#8212;&#8212;&#8212;&#8212;&#8212;&#8212;&#8212;&#8212;&#8212;<\/p>\n<p>Gerne k\u00f6nnen Sie mir jederzeit eine Anfrage via info@augentrost.info zukommen lassen, wenn ein Filzprodukt Ihre Aufmerksamkeit erregt hat.<\/p>\n<div>Evtl. ist das gezeigte St\u00fcck noch zu verkaufen oder kann &#8211; nie gleich aber sehr \u00e4hnlich &#8211; f\u00fcr Sie nachgearbeitet werden.<\/div>\n<div>Sie haben Interesse an oder Fragen zu Filzangeboten und -kursen?<\/div>\n<div>\u00a0<\/div>\n<div><strong>Bitte treten Sie in unter info@augentrost.info <\/strong><span style=\"font-size: inherit;\">i<\/span><strong style=\"font-size: inherit;\">n Kontakt mit mir<\/strong><\/div>\n<div>\u00a0<\/div>\n<div>Aktuelle Bilder und Eindr\u00fccke finden Sie auf Instagram unter @<strong>filzwerkstatt_augentrost<\/strong><\/div>\n<div>\u00a0<\/div>\n<div>\n<p><!--more--><\/p>\n<\/div>\n<div>\n<p><a href=\"https:\/\/www.augentrost.info\/wordpress\/wp-content\/uploads\/2023\/12\/IMG-20231215-WA0007.jpg\"><img loading=\"lazy\" decoding=\"async\" class=\"alignnone size-full wp-image-8300\" src=\"https:\/\/www.augentrost.info\/wordpress\/wp-content\/uploads\/2023\/12\/IMG-20231215-WA0007.jpg\" alt=\"\" width=\"1059\" height=\"1882\" srcset=\"https:\/\/www.augentrost.info\/wordpress\/wp-content\/uploads\/2023\/12\/IMG-20231215-WA0007.jpg 1059w, https:\/\/www.augentrost.info\/wordpress\/wp-content\/uploads\/2023\/12\/IMG-20231215-WA0007-169x300.jpg 169w, https:\/\/www.augentrost.info\/wordpress\/wp-content\/uploads\/2023\/12\/IMG-20231215-WA0007-576x1024.jpg 576w, https:\/\/www.augentrost.info\/wordpress\/wp-content\/uploads\/2023\/12\/IMG-20231215-WA0007-768x1365.jpg 768w, https:\/\/www.augentrost.info\/wordpress\/wp-content\/uploads\/2023\/12\/IMG-20231215-WA0007-864x1536.jpg 864w\" sizes=\"auto, (max-width: 1059px) 100vw, 1059px\" \/><\/a><\/p>\n<\/div>\n<div>\u00a0<\/div>\n<div>\u00a0<\/div>\n\n\n<p><\/p>\n\n\n\n<p><\/p>\n","protected":false},"excerpt":{"rendered":"<p>Aktuell kann man an folgenden Stellen Arbeiten aus meiner Werkstatt finden: &nbsp; Nawareum Straubing Mitmachmuseum Schulgasse 23a 94315 Straubing &#8212;&#8212;&#8212;&#8212;&#8212;&#8212;&#8212;&#8212;&#8212;&#8212; &nbsp; Stadelwerk im Salzstadel Wei\u00dfe Lammgasse 1 93047 Regensburg &#8212;&#8212;&#8212;&#8212;&#8212;&#8212;&#8212;&#8212;&#8212;&#8212; &nbsp; Infohaus Isarm\u00fcndung Maxm\u00fchle 3 94554 Moos &#8212;&#8212;&#8212;&#8212;&#8212;&#8212;&#8212;&#8212;&#8212;&#8212; Gerne k\u00f6nnen Sie mir jederzeit eine Anfrage via info@augentrost.info zukommen lassen, wenn ein Filzprodukt Ihre Aufmerksamkeit erregt [&hellip;]<\/p>\n","protected":false},"author":2,"featured_media":0,"parent":0,"menu_order":5,"comment_status":"open","ping_status":"closed","template":"","meta":{"footnotes":""},"class_list":["post-162","page","type-page","status-publish","hentry"],"_links":{"self":[{"href":"https:\/\/www.augentrost.info\/wordpress\/index.php?rest_route=\/wp\/v2\/pages\/162","targetHints":{"allow":["GET"]}}],"collection":[{"href":"https:\/\/www.augentrost.info\/wordpress\/index.php?rest_route=\/wp\/v2\/pages"}],"about":[{"href":"https:\/\/www.augentrost.info\/wordpress\/index.php?rest_route=\/wp\/v2\/types\/page"}],"author":[{"embeddable":true,"href":"https:\/\/www.augentrost.info\/wordpress\/index.php?rest_route=\/wp\/v2\/users\/2"}],"replies":[{"embeddable":true,"href":"https:\/\/www.augentrost.info\/wordpress\/index.php?rest_route=%2Fwp%2Fv2%2Fcomments&post=162"}],"version-history":[{"count":75,"href":"https:\/\/www.augentrost.info\/wordpress\/index.php?rest_route=\/wp\/v2\/pages\/162\/revisions"}],"predecessor-version":[{"id":9308,"href":"https:\/\/www.augentrost.info\/wordpress\/index.php?rest_route=\/wp\/v2\/pages\/162\/revisions\/9308"}],"wp:attachment":[{"href":"https:\/\/www.augentrost.info\/wordpress\/index.php?rest_route=%2Fwp%2Fv2%2Fmedia&parent=162"}],"curies":[{"name":"wp","href":"https:\/\/api.w.org\/{rel}","templated":true}]}}