{"id":143,"date":"2010-06-04T00:13:21","date_gmt":"2010-06-03T22:13:21","guid":{"rendered":"http:\/\/www.augentrost.info\/wordpress\/?page_id=143"},"modified":"2024-11-20T12:19:38","modified_gmt":"2024-11-20T10:19:38","slug":"werkstatt-augentrost","status":"publish","type":"page","link":"https:\/\/www.augentrost.info\/wordpress\/?page_id=143","title":{"rendered":"Meine Werkstatt"},"content":{"rendered":"<p><span style=\"font-size: inherit;\"><strong>Am Anfang<\/strong><\/span><\/p>\n<p><span style=\"font-size: inherit;\">&#8230;ja, angefangen hat alles \u00a0hinter den Bergen, fast bei den sieben Zwergen&#8230;.<\/span><\/p>\n<p>Dort lag in den ersten Jahren \u00a0die kleine Filzwerkstatt Augentrost. Bewacht, besser: Beh\u00fctet wurde sie u.a. von f\u00fcnf\u00a0 stattlichen Ouessantschafen, die mit ihrem imposanten Stockma\u00df von ca. 47 cm auch den letzten Bayerwaldluchs aus der Gegend gescheucht hatten.<\/p>\n<p><a href=\"http:\/\/www.augentrost.info\/wordpress\/wp-content\/uploads\/2010\/06\/schafis-molly-400px.jpg\"><img loading=\"lazy\" decoding=\"async\" class=\"alignnone size-full wp-image-400\" title=\"schafis-molly-400px\" src=\"http:\/\/www.augentrost.info\/wordpress\/wp-content\/uploads\/2010\/06\/schafis-molly-400px.jpg\" alt=\"\" width=\"400\" height=\"533\" srcset=\"https:\/\/www.augentrost.info\/wordpress\/wp-content\/uploads\/2010\/06\/schafis-molly-400px.jpg 400w, https:\/\/www.augentrost.info\/wordpress\/wp-content\/uploads\/2010\/06\/schafis-molly-400px-225x300.jpg 225w\" sizes=\"auto, (max-width: 400px) 100vw, 400px\" \/><\/a><a href=\"http:\/\/www.augentrost.info\/wordpress\/wp-content\/uploads\/2010\/06\/schafis-rosi-400px1.jpg\"><img loading=\"lazy\" decoding=\"async\" class=\"alignnone size-full wp-image-404\" title=\"schafis-rosi-400px\" src=\"http:\/\/www.augentrost.info\/wordpress\/wp-content\/uploads\/2010\/06\/schafis-rosi-400px1.jpg\" alt=\"\" width=\"400\" height=\"300\" srcset=\"https:\/\/www.augentrost.info\/wordpress\/wp-content\/uploads\/2010\/06\/schafis-rosi-400px1.jpg 400w, https:\/\/www.augentrost.info\/wordpress\/wp-content\/uploads\/2010\/06\/schafis-rosi-400px1-300x225.jpg 300w\" sizes=\"auto, (max-width: 400px) 100vw, 400px\" \/><\/a><strong><a href=\"http:\/\/www.augentrost.info\/wordpress\/wp-content\/uploads\/2010\/06\/schafis-robinson-400px.jpg\"><img loading=\"lazy\" decoding=\"async\" class=\"alignnone size-full wp-image-401\" title=\"schafis-robinson-400px\" src=\"http:\/\/www.augentrost.info\/wordpress\/wp-content\/uploads\/2010\/06\/schafis-robinson-400px.jpg\" alt=\"\" width=\"400\" height=\"300\" srcset=\"https:\/\/www.augentrost.info\/wordpress\/wp-content\/uploads\/2010\/06\/schafis-robinson-400px.jpg 400w, https:\/\/www.augentrost.info\/wordpress\/wp-content\/uploads\/2010\/06\/schafis-robinson-400px-300x225.jpg 300w\" sizes=\"auto, (max-width: 400px) 100vw, 400px\" \/><\/a><\/strong><\/p>\n<p><strong>Molly, Mimi, Robinson, Rosinchen und Tante<\/strong><\/p>\n<p>Die j\u00e4hrliche Wollspende dieser und weiterer verschiedenster Schafe der Umgebung nehme ich seit Jahren dankend an. Nach der Schur hei\u00dft es dann sortieren, waschen (ja, alles von Hand, gerne in Regenwasser und unbedingt mehrmals), an schattigen Pl\u00e4tzchen trocknen, sch\u00fctteln, kardieren und letztendlich verfilzen.<\/p>\n<p><a href=\"http:\/\/www.augentrost.info\/wordpress\/wp-content\/uploads\/2010\/06\/wollw\u00e4sche209-400px.jpg\"><img loading=\"lazy\" decoding=\"async\" class=\"alignnone size-full wp-image-408\" title=\"wollw\u00e4sche209-400px\" src=\"http:\/\/www.augentrost.info\/wordpress\/wp-content\/uploads\/2010\/06\/wollw\u00e4sche209-400px.jpg\" alt=\"\" width=\"400\" height=\"300\" srcset=\"https:\/\/www.augentrost.info\/wordpress\/wp-content\/uploads\/2010\/06\/wollw\u00e4sche209-400px.jpg 400w, https:\/\/www.augentrost.info\/wordpress\/wp-content\/uploads\/2010\/06\/wollw\u00e4sche209-400px-300x225.jpg 300w\" sizes=\"auto, (max-width: 400px) 100vw, 400px\" \/><\/a><\/p>\n<p><a href=\"http:\/\/www.augentrost.info\/wordpress\/wp-content\/uploads\/2010\/06\/wolle-roh-400px.jpg\"><img loading=\"lazy\" decoding=\"async\" class=\"alignnone size-full wp-image-410\" title=\"wolle-roh-400px\" src=\"http:\/\/www.augentrost.info\/wordpress\/wp-content\/uploads\/2010\/06\/wolle-roh-400px.jpg\" alt=\"\" width=\"400\" height=\"300\" srcset=\"https:\/\/www.augentrost.info\/wordpress\/wp-content\/uploads\/2010\/06\/wolle-roh-400px.jpg 400w, https:\/\/www.augentrost.info\/wordpress\/wp-content\/uploads\/2010\/06\/wolle-roh-400px-300x225.jpg 300w\" sizes=\"auto, (max-width: 400px) 100vw, 400px\" \/><\/a><a href=\"http:\/\/www.augentrost.info\/wordpress\/wp-content\/uploads\/2010\/06\/wolle-kardiermaschine-400px.jpg\"><img loading=\"lazy\" decoding=\"async\" class=\"alignnone size-full wp-image-411\" title=\"wolle-kardiermaschine-400px\" src=\"http:\/\/www.augentrost.info\/wordpress\/wp-content\/uploads\/2010\/06\/wolle-kardiermaschine-400px.jpg\" alt=\"\" width=\"400\" height=\"300\" srcset=\"https:\/\/www.augentrost.info\/wordpress\/wp-content\/uploads\/2010\/06\/wolle-kardiermaschine-400px.jpg 400w, https:\/\/www.augentrost.info\/wordpress\/wp-content\/uploads\/2010\/06\/wolle-kardiermaschine-400px-300x225.jpg 300w\" sizes=\"auto, (max-width: 400px) 100vw, 400px\" \/><\/a><\/p>\n<p>Von M\u00e4rz 2009 bis Juni 2011\u00a0absolvierte ich eine zweij\u00e4hrige Ausbildung in der Filzschule Oberrot, um meine Kenntnisse\u00a0 und Techniken zu mehren, zu vertiefen und auszubauen. Hier galt es nicht nur Inspirationen zu k\u00fcnstlerischem Ausdruck zu verhelfen, gleichrangig spielte ab sofort die Qualit\u00e4t der Verarbeitung z.B. durch den Einsatz der entsprechenden Wollsorten\u00a0\u00a0eine tragende Rolle. Die Vielfalt all dessen erschlie\u00dft mir jeden Tag aufs neue Welten des Ausdrucks und der Schaffenslust,<\/p>\n<p>Ende nicht in Sicht.<\/p>\n<p><a href=\"http:\/\/www.augentrost.info\/wordpress\/wp-content\/uploads\/2010\/06\/filz-mit-knopf1.jpg\"><img loading=\"lazy\" decoding=\"async\" class=\"alignnone size-full wp-image-756\" title=\"filz mit knopf1\" src=\"http:\/\/www.augentrost.info\/wordpress\/wp-content\/uploads\/2010\/06\/filz-mit-knopf1.jpg\" alt=\"\" width=\"400\" height=\"300\" srcset=\"https:\/\/www.augentrost.info\/wordpress\/wp-content\/uploads\/2010\/06\/filz-mit-knopf1.jpg 400w, https:\/\/www.augentrost.info\/wordpress\/wp-content\/uploads\/2010\/06\/filz-mit-knopf1-300x225.jpg 300w\" sizes=\"auto, (max-width: 400px) 100vw, 400px\" \/><\/a><\/p>\n<p>Sch\u00f6n ist es, sich selbst schaffend auszudr\u00fccken. Mindestens genau so sch\u00f6n, andere an diesem erworbenen und in vielen frustrierenden aber immer auch fruchtbringenden Fehlversuchen erarbeiteten Wissen teilhaben zu lassen und sie auf dem Weg zur eigenen Gestaltung ein St\u00fcck begleiten zu k\u00f6nnen.<\/p>\n<p><strong>Umzug<\/strong><\/p>\n<p>Um daf\u00fcr noch bessere Voraussetzungen zu schaffen entschloss ich mich, meine Werkstattr\u00e4ume zu vergr\u00f6\u00dfern und zog um. Hohe Arbeitstische und eine gem\u00fctliche Arbeitsatmosph\u00e4re laden daher seit September 2012 im Dachgescho\u00df des Hauses Nr. 5 im Kapuzinergraben in Deggendorf zum gemeinsamen Filz gestalten ein.<\/p>\n<p><a href=\"http:\/\/www.augentrost.info\/wordpress\/wp-content\/uploads\/2016\/10\/kurs-bl\u00fctentasche1.jpg\"><img loading=\"lazy\" decoding=\"async\" class=\"alignnone size-full wp-image-5466\" src=\"http:\/\/www.augentrost.info\/wordpress\/wp-content\/uploads\/2016\/10\/kurs-bl\u00fctentasche1.jpg\" alt=\"\" width=\"400\" height=\"534\" srcset=\"https:\/\/www.augentrost.info\/wordpress\/wp-content\/uploads\/2016\/10\/kurs-bl\u00fctentasche1.jpg 400w, https:\/\/www.augentrost.info\/wordpress\/wp-content\/uploads\/2016\/10\/kurs-bl\u00fctentasche1-225x300.jpg 225w\" sizes=\"auto, (max-width: 400px) 100vw, 400px\" \/><\/a><a href=\"http:\/\/www.augentrost.info\/wordpress\/wp-content\/uploads\/2016\/02\/nunoschal-2015-4.jpg\"><img loading=\"lazy\" decoding=\"async\" class=\"alignnone size-full wp-image-5220\" src=\"http:\/\/www.augentrost.info\/wordpress\/wp-content\/uploads\/2016\/02\/nunoschal-2015-4.jpg\" alt=\"\" width=\"400\" height=\"300\" srcset=\"https:\/\/www.augentrost.info\/wordpress\/wp-content\/uploads\/2016\/02\/nunoschal-2015-4.jpg 400w, https:\/\/www.augentrost.info\/wordpress\/wp-content\/uploads\/2016\/02\/nunoschal-2015-4-300x225.jpg 300w\" sizes=\"auto, (max-width: 400px) 100vw, 400px\" \/><\/a><\/p>\n<p><a href=\"http:\/\/www.augentrost.info\/wordpress\/wp-content\/uploads\/2014\/12\/werkstatt-bunt.jpg\"><img loading=\"lazy\" decoding=\"async\" class=\"alignnone size-full wp-image-4672\" src=\"http:\/\/www.augentrost.info\/wordpress\/wp-content\/uploads\/2014\/12\/werkstatt-bunt.jpg\" alt=\"\" width=\"380\" height=\"285\" srcset=\"https:\/\/www.augentrost.info\/wordpress\/wp-content\/uploads\/2014\/12\/werkstatt-bunt.jpg 380w, https:\/\/www.augentrost.info\/wordpress\/wp-content\/uploads\/2014\/12\/werkstatt-bunt-300x225.jpg 300w\" sizes=\"auto, (max-width: 380px) 100vw, 380px\" \/><\/a><a href=\"http:\/\/www.augentrost.info\/wordpress\/wp-content\/uploads\/2013\/07\/flyer4.jpg\"><img loading=\"lazy\" decoding=\"async\" class=\"alignnone size-full wp-image-3810\" src=\"http:\/\/www.augentrost.info\/wordpress\/wp-content\/uploads\/2013\/07\/flyer4.jpg\" alt=\"\" width=\"400\" height=\"300\" srcset=\"https:\/\/www.augentrost.info\/wordpress\/wp-content\/uploads\/2013\/07\/flyer4.jpg 400w, https:\/\/www.augentrost.info\/wordpress\/wp-content\/uploads\/2013\/07\/flyer4-300x225.jpg 300w\" sizes=\"auto, (max-width: 400px) 100vw, 400px\" \/><\/a><a href=\"http:\/\/www.augentrost.info\/wordpress\/wp-content\/uploads\/2012\/09\/filzweib-1.jpg\"><img loading=\"lazy\" decoding=\"async\" class=\"alignnone size-full wp-image-3021\" src=\"http:\/\/www.augentrost.info\/wordpress\/wp-content\/uploads\/2012\/09\/filzweib-1.jpg\" alt=\"\" width=\"400\" height=\"534\" srcset=\"https:\/\/www.augentrost.info\/wordpress\/wp-content\/uploads\/2012\/09\/filzweib-1.jpg 400w, https:\/\/www.augentrost.info\/wordpress\/wp-content\/uploads\/2012\/09\/filzweib-1-224x300.jpg 224w\" sizes=\"auto, (max-width: 400px) 100vw, 400px\" \/><\/a><\/p>\n<p>So gebe ich vor dem Hintergrund langj\u00e4hriger beruflicher Erfahrung \u00a0in der Erlebnis- und Bildungsarbeit mit Kindern, Jugendlichen und Erwachsenen meine Expertise, Erfahrung und auch Begeisterung rund um das Thema Wolle gerne weiter. Im j\u00e4hrlich wechselndem Werkstatt &#8211; Kursprogramm sowie als Referentin bei verschiedensten Bildungstr\u00e4gern arbeite ich mit gro\u00dfen und auch kleinen filzenden Menschen und solchen, die es werden wollen.<\/p>\n\n\n<figure class=\"wp-block-image size-large\"><img loading=\"lazy\" decoding=\"async\" width=\"400\" height=\"711\" src=\"http:\/\/www.augentrost.info\/wordpress\/wp-content\/uploads\/2019\/11\/H\u00fcftg\u00fcrtel1.jpg\" alt=\"\" class=\"wp-image-6664\" srcset=\"https:\/\/www.augentrost.info\/wordpress\/wp-content\/uploads\/2019\/11\/H\u00fcftg\u00fcrtel1.jpg 400w, https:\/\/www.augentrost.info\/wordpress\/wp-content\/uploads\/2019\/11\/H\u00fcftg\u00fcrtel1-169x300.jpg 169w\" sizes=\"auto, (max-width: 400px) 100vw, 400px\" \/><\/figure>\n","protected":false},"excerpt":{"rendered":"<p>Am Anfang &#8230;ja, angefangen hat alles \u00a0hinter den Bergen, fast bei den sieben Zwergen&#8230;. Dort lag in den ersten Jahren \u00a0die kleine Filzwerkstatt Augentrost. Bewacht, besser: Beh\u00fctet wurde sie u.a. von f\u00fcnf\u00a0 stattlichen Ouessantschafen, die mit ihrem imposanten Stockma\u00df von ca. 47 cm auch den letzten Bayerwaldluchs aus der Gegend gescheucht hatten. Molly, Mimi, Robinson, [&hellip;]<\/p>\n","protected":false},"author":2,"featured_media":0,"parent":0,"menu_order":2,"comment_status":"open","ping_status":"closed","template":"","meta":{"footnotes":""},"class_list":["post-143","page","type-page","status-publish","hentry"],"_links":{"self":[{"href":"https:\/\/www.augentrost.info\/wordpress\/index.php?rest_route=\/wp\/v2\/pages\/143","targetHints":{"allow":["GET"]}}],"collection":[{"href":"https:\/\/www.augentrost.info\/wordpress\/index.php?rest_route=\/wp\/v2\/pages"}],"about":[{"href":"https:\/\/www.augentrost.info\/wordpress\/index.php?rest_route=\/wp\/v2\/types\/page"}],"author":[{"embeddable":true,"href":"https:\/\/www.augentrost.info\/wordpress\/index.php?rest_route=\/wp\/v2\/users\/2"}],"replies":[{"embeddable":true,"href":"https:\/\/www.augentrost.info\/wordpress\/index.php?rest_route=%2Fwp%2Fv2%2Fcomments&post=143"}],"version-history":[{"count":57,"href":"https:\/\/www.augentrost.info\/wordpress\/index.php?rest_route=\/wp\/v2\/pages\/143\/revisions"}],"predecessor-version":[{"id":8735,"href":"https:\/\/www.augentrost.info\/wordpress\/index.php?rest_route=\/wp\/v2\/pages\/143\/revisions\/8735"}],"wp:attachment":[{"href":"https:\/\/www.augentrost.info\/wordpress\/index.php?rest_route=%2Fwp%2Fv2%2Fmedia&parent=143"}],"curies":[{"name":"wp","href":"https:\/\/api.w.org\/{rel}","templated":true}]}}